{"id":1034,"date":"2024-10-21T00:33:48","date_gmt":"2024-10-20T22:33:48","guid":{"rendered":"https:\/\/evavedel.com\/?page_id=1034"},"modified":"2024-10-21T22:32:36","modified_gmt":"2024-10-21T20:32:36","slug":"artiste","status":"publish","type":"page","link":"https:\/\/evavedel.com\/en\/artiste\/","title":{"rendered":"Artiste"},"content":{"rendered":"<div class=\"wp-block-group alignfull hero-pattern is-style-default is-layout-constrained wp-container-core-group-is-layout-4c48b175 wp-block-group-is-layout-constrained\" style=\"margin-top:0;margin-bottom:0;padding-top:0;padding-right:0;padding-bottom:0;padding-left:0\">\n<div class=\"wp-block-cover alignfull wp-duotone-unset-2\"><span aria-hidden=\"true\" class=\"wp-block-cover__background has-dark-gray-background-color has-background-dim-30 has-background-dim\"><\/span><img loading=\"lazy\" decoding=\"async\" width=\"2560\" height=\"1707\" class=\"wp-block-cover__image-background wp-image-1071\" alt=\"\" src=\"http:\/\/evavedel.com\/wp-content\/uploads\/2024\/10\/IMG_9620-scaled.jpg\" data-object-fit=\"cover\" srcset=\"https:\/\/evavedel.com\/wp-content\/uploads\/2024\/10\/IMG_9620-scaled.jpg 2560w, https:\/\/evavedel.com\/wp-content\/uploads\/2024\/10\/IMG_9620-300x200.jpg 300w, https:\/\/evavedel.com\/wp-content\/uploads\/2024\/10\/IMG_9620-1024x683.jpg 1024w, https:\/\/evavedel.com\/wp-content\/uploads\/2024\/10\/IMG_9620-768x512.jpg 768w, https:\/\/evavedel.com\/wp-content\/uploads\/2024\/10\/IMG_9620-1536x1024.jpg 1536w, https:\/\/evavedel.com\/wp-content\/uploads\/2024\/10\/IMG_9620-2048x1365.jpg 2048w, https:\/\/evavedel.com\/wp-content\/uploads\/2024\/10\/IMG_9620-18x12.jpg 18w\" sizes=\"auto, (max-width: 2560px) 100vw, 2560px\" \/><div class=\"wp-block-cover__inner-container is-layout-constrained wp-block-cover-is-layout-constrained\">\n<div style=\"height:120px\" aria-hidden=\"true\" class=\"wp-block-spacer\"><\/div>\n\n\n\n<div class=\"wp-block-group is-layout-flow wp-block-group-is-layout-flow\">\n<h2 class=\"wp-block-heading has-text-align-center has-white-color has-text-color has-link-color wp-elements-7ede4c6045aa5c7bf86f60d23fa67d07\" style=\"font-size:clamp(2.957rem, 2.957rem + ((1vw - 0.2rem) * 4.595), 5.8rem);letter-spacing:0px;line-height:1.1\">Art num\u00e9rique,<\/h2>\n\n\n\n<h2 class=\"wp-block-heading has-text-align-center has-white-color has-text-color has-link-color has-lora-font-family wp-elements-426975e9a4814350830f285b0802259b\" style=\"font-size:clamp(2.957rem, 2.957rem + ((1vw - 0.2rem) * 4.595), 5.8rem);letter-spacing:0px;line-height:1.1\"><em>Data-sculpture<\/em> &amp;<\/h2>\n\n\n\n<h2 class=\"wp-block-heading has-text-align-center has-white-color has-text-color has-link-color wp-elements-dd629b1340721e2289498dc21ac3fe52\" style=\"font-size:clamp(2.957rem, 2.957rem + ((1vw - 0.2rem) * 4.595), 5.8rem);letter-spacing:0px;line-height:1.1\">Digital craft<\/h2>\n\n\n\n<div style=\"height:40px\" aria-hidden=\"true\" class=\"wp-block-spacer\"><\/div>\n\n\n\n<p class=\"has-text-align-center has-white-color has-text-color has-link-color wp-elements-9a8f303617fa2a7db237e35b35a680a1\" style=\"margin-right:var(--wp--preset--spacing--80);margin-left:var(--wp--preset--spacing--80);font-size:clamp(0.875rem, 0.875rem + ((1vw - 0.2rem) * 0.606), 1.25rem);\">Je suis designer et artiste avec des comp\u00e9tences en design g\u00e9n\u00e9ratif, physicalisation de data et machines \u00e0 commande num\u00e9rique.<\/p>\n\n\n\n<div style=\"height:40px\" aria-hidden=\"true\" class=\"wp-block-spacer\"><\/div>\n\n\n\n<div class=\"wp-block-buttons is-content-justification-center is-layout-flex wp-container-core-buttons-is-layout-a89b3969 wp-block-buttons-is-layout-flex\">\n<div class=\"wp-block-button has-custom-font-size is-style-outline has-normal-font-size is-style-outline--1\"><a class=\"wp-block-button__link has-white-color has-text-color has-link-color wp-element-button\" href=\"https:\/\/evavedel.com\/en\/archives-projets\/\">Mon portfolio<\/a><\/div>\n<\/div>\n<\/div>\n\n\n\n<div style=\"height:120px\" aria-hidden=\"true\" class=\"wp-block-spacer\"><\/div>\n<\/div><\/div>\n<\/div>\n\n\n\n<p><\/p>","protected":false},"excerpt":{"rendered":"","protected":false},"author":1,"featured_media":0,"parent":0,"menu_order":0,"comment_status":"closed","ping_status":"closed","template":"wp-custom-template-pages-artiste","meta":{"_themeisle_gutenberg_block_has_review":false,"footnotes":""},"class_list":["post-1034","page","type-page","status-publish","hentry"],"yoast_head":"<!-- This site is optimized with the Yoast SEO plugin v24.2 - https:\/\/yoast.com\/wordpress\/plugins\/seo\/ -->\n<title>Artiste - Eva Vedel<\/title>\n<meta name=\"robots\" content=\"index, follow, max-snippet:-1, max-image-preview:large, max-video-preview:-1\" \/>\n<link rel=\"canonical\" href=\"http:\/\/evavedel.com\/en\/artiste\/\" \/>\n<meta property=\"og:locale\" content=\"en_GB\" \/>\n<meta property=\"og:type\" content=\"article\" \/>\n<meta property=\"og:title\" content=\"Artiste - Eva Vedel\" \/>\n<meta property=\"og:url\" content=\"http:\/\/evavedel.com\/en\/artiste\/\" \/>\n<meta property=\"og:site_name\" content=\"Eva Vedel\" \/>\n<meta property=\"article:modified_time\" content=\"2024-10-21T20:32:36+00:00\" \/>\n<meta property=\"og:image\" content=\"http:\/\/evavedel.com\/wp-content\/uploads\/2024\/10\/IMG_9620-scaled.jpg\" \/>\n<meta name=\"twitter:card\" content=\"summary_large_image\" \/>\n<meta name=\"twitter:label1\" content=\"Estimated reading time\" \/>\n\t<meta name=\"twitter:data1\" content=\"1 minute\" \/>\n<script type=\"application\/ld+json\" class=\"yoast-schema-graph\">{\"@context\":\"https:\/\/schema.org\",\"@graph\":[{\"@type\":\"WebPage\",\"@id\":\"http:\/\/evavedel.com\/artiste\/\",\"url\":\"http:\/\/evavedel.com\/artiste\/\",\"name\":\"Artiste - Eva Vedel\",\"isPartOf\":{\"@id\":\"https:\/\/evavedel.com\/#website\"},\"primaryImageOfPage\":{\"@id\":\"http:\/\/evavedel.com\/artiste\/#primaryimage\"},\"image\":{\"@id\":\"http:\/\/evavedel.com\/artiste\/#primaryimage\"},\"thumbnailUrl\":\"http:\/\/evavedel.com\/wp-content\/uploads\/2024\/10\/IMG_9620-scaled.jpg\",\"datePublished\":\"2024-10-20T22:33:48+00:00\",\"dateModified\":\"2024-10-21T20:32:36+00:00\",\"breadcrumb\":{\"@id\":\"http:\/\/evavedel.com\/artiste\/#breadcrumb\"},\"inLanguage\":\"en-GB\",\"potentialAction\":[{\"@type\":\"ReadAction\",\"target\":[\"http:\/\/evavedel.com\/artiste\/\"]}]},{\"@type\":\"ImageObject\",\"inLanguage\":\"en-GB\",\"@id\":\"http:\/\/evavedel.com\/artiste\/#primaryimage\",\"url\":\"http:\/\/evavedel.com\/wp-content\/uploads\/2024\/10\/IMG_9620-scaled.jpg\",\"contentUrl\":\"http:\/\/evavedel.com\/wp-content\/uploads\/2024\/10\/IMG_9620-scaled.jpg\"},{\"@type\":\"BreadcrumbList\",\"@id\":\"http:\/\/evavedel.com\/artiste\/#breadcrumb\",\"itemListElement\":[{\"@type\":\"ListItem\",\"position\":1,\"name\":\"Accueil\",\"item\":\"https:\/\/evavedel.com\/\"},{\"@type\":\"ListItem\",\"position\":2,\"name\":\"Artiste\"}]},{\"@type\":\"WebSite\",\"@id\":\"https:\/\/evavedel.com\/#website\",\"url\":\"https:\/\/evavedel.com\/\",\"name\":\"Eva Vedel\",\"description\":\"Designer &amp; artiste\",\"publisher\":{\"@id\":\"https:\/\/evavedel.com\/#\/schema\/person\/600e7bbae59c2b0909798bd750172c2d\"},\"potentialAction\":[{\"@type\":\"SearchAction\",\"target\":{\"@type\":\"EntryPoint\",\"urlTemplate\":\"https:\/\/evavedel.com\/?s={search_term_string}\"},\"query-input\":{\"@type\":\"PropertyValueSpecification\",\"valueRequired\":true,\"valueName\":\"search_term_string\"}}],\"inLanguage\":\"en-GB\"},{\"@type\":[\"Person\",\"Organization\"],\"@id\":\"https:\/\/evavedel.com\/#\/schema\/person\/600e7bbae59c2b0909798bd750172c2d\",\"name\":\"Eva Vedel\",\"image\":{\"@type\":\"ImageObject\",\"inLanguage\":\"en-GB\",\"@id\":\"https:\/\/evavedel.com\/#\/schema\/person\/image\/\",\"url\":\"https:\/\/evavedel.com\/wp-content\/uploads\/2024\/10\/LOGO_Eva-Vedel_2022-2_Plan-de-travail-1-copie.png\",\"contentUrl\":\"https:\/\/evavedel.com\/wp-content\/uploads\/2024\/10\/LOGO_Eva-Vedel_2022-2_Plan-de-travail-1-copie.png\",\"width\":5000,\"height\":5000,\"caption\":\"Eva Vedel\"},\"logo\":{\"@id\":\"https:\/\/evavedel.com\/#\/schema\/person\/image\/\"},\"sameAs\":[\"https:\/\/www.instagram.com\/eva.vedel\/?hl=fr\",\"https:\/\/www.linkedin.com\/in\/evavedel\/\"]}]}<\/script>\n<!-- \/ Yoast SEO plugin. -->","yoast_head_json":{"title":"Artiste - Eva Vedel","robots":{"index":"index","follow":"follow","max-snippet":"max-snippet:-1","max-image-preview":"max-image-preview:large","max-video-preview":"max-video-preview:-1"},"canonical":"http:\/\/evavedel.com\/en\/artiste\/","og_locale":"en_GB","og_type":"article","og_title":"Artiste - Eva Vedel","og_url":"http:\/\/evavedel.com\/en\/artiste\/","og_site_name":"Eva Vedel","article_modified_time":"2024-10-21T20:32:36+00:00","og_image":[{"url":"http:\/\/evavedel.com\/wp-content\/uploads\/2024\/10\/IMG_9620-scaled.jpg","type":"","width":"","height":""}],"twitter_card":"summary_large_image","twitter_misc":{"Estimated reading time":"1 minute"},"schema":{"@context":"https:\/\/schema.org","@graph":[{"@type":"WebPage","@id":"http:\/\/evavedel.com\/artiste\/","url":"http:\/\/evavedel.com\/artiste\/","name":"Artiste - Eva Vedel","isPartOf":{"@id":"https:\/\/evavedel.com\/#website"},"primaryImageOfPage":{"@id":"http:\/\/evavedel.com\/artiste\/#primaryimage"},"image":{"@id":"http:\/\/evavedel.com\/artiste\/#primaryimage"},"thumbnailUrl":"http:\/\/evavedel.com\/wp-content\/uploads\/2024\/10\/IMG_9620-scaled.jpg","datePublished":"2024-10-20T22:33:48+00:00","dateModified":"2024-10-21T20:32:36+00:00","breadcrumb":{"@id":"http:\/\/evavedel.com\/artiste\/#breadcrumb"},"inLanguage":"en-GB","potentialAction":[{"@type":"ReadAction","target":["http:\/\/evavedel.com\/artiste\/"]}]},{"@type":"ImageObject","inLanguage":"en-GB","@id":"http:\/\/evavedel.com\/artiste\/#primaryimage","url":"http:\/\/evavedel.com\/wp-content\/uploads\/2024\/10\/IMG_9620-scaled.jpg","contentUrl":"http:\/\/evavedel.com\/wp-content\/uploads\/2024\/10\/IMG_9620-scaled.jpg"},{"@type":"BreadcrumbList","@id":"http:\/\/evavedel.com\/artiste\/#breadcrumb","itemListElement":[{"@type":"ListItem","position":1,"name":"Accueil","item":"https:\/\/evavedel.com\/"},{"@type":"ListItem","position":2,"name":"Artiste"}]},{"@type":"WebSite","@id":"https:\/\/evavedel.com\/#website","url":"https:\/\/evavedel.com\/","name":"Eva Vedel","description":"Designer &amp; artiste","publisher":{"@id":"https:\/\/evavedel.com\/#\/schema\/person\/600e7bbae59c2b0909798bd750172c2d"},"potentialAction":[{"@type":"SearchAction","target":{"@type":"EntryPoint","urlTemplate":"https:\/\/evavedel.com\/?s={search_term_string}"},"query-input":{"@type":"PropertyValueSpecification","valueRequired":true,"valueName":"search_term_string"}}],"inLanguage":"en-GB"},{"@type":["Person","Organization"],"@id":"https:\/\/evavedel.com\/#\/schema\/person\/600e7bbae59c2b0909798bd750172c2d","name":"Eva Vedel","image":{"@type":"ImageObject","inLanguage":"en-GB","@id":"https:\/\/evavedel.com\/#\/schema\/person\/image\/","url":"https:\/\/evavedel.com\/wp-content\/uploads\/2024\/10\/LOGO_Eva-Vedel_2022-2_Plan-de-travail-1-copie.png","contentUrl":"https:\/\/evavedel.com\/wp-content\/uploads\/2024\/10\/LOGO_Eva-Vedel_2022-2_Plan-de-travail-1-copie.png","width":5000,"height":5000,"caption":"Eva Vedel"},"logo":{"@id":"https:\/\/evavedel.com\/#\/schema\/person\/image\/"},"sameAs":["https:\/\/www.instagram.com\/eva.vedel\/?hl=fr","https:\/\/www.linkedin.com\/in\/evavedel\/"]}]}},"_links":{"self":[{"href":"https:\/\/evavedel.com\/en\/wp-json\/wp\/v2\/pages\/1034","targetHints":{"allow":["GET"]}}],"collection":[{"href":"https:\/\/evavedel.com\/en\/wp-json\/wp\/v2\/pages"}],"about":[{"href":"https:\/\/evavedel.com\/en\/wp-json\/wp\/v2\/types\/page"}],"author":[{"embeddable":true,"href":"https:\/\/evavedel.com\/en\/wp-json\/wp\/v2\/users\/1"}],"replies":[{"embeddable":true,"href":"https:\/\/evavedel.com\/en\/wp-json\/wp\/v2\/comments?post=1034"}],"version-history":[{"count":6,"href":"https:\/\/evavedel.com\/en\/wp-json\/wp\/v2\/pages\/1034\/revisions"}],"predecessor-version":[{"id":1274,"href":"https:\/\/evavedel.com\/en\/wp-json\/wp\/v2\/pages\/1034\/revisions\/1274"}],"wp:attachment":[{"href":"https:\/\/evavedel.com\/en\/wp-json\/wp\/v2\/media?parent=1034"}],"curies":[{"name":"wp","href":"https:\/\/api.w.org\/{rel}","templated":true}]}}