{"id":186,"date":"2022-06-08T17:53:24","date_gmt":"2022-06-08T15:53:24","guid":{"rendered":"https:\/\/evavedel.com\/?page_id=186"},"modified":"2024-10-21T12:09:39","modified_gmt":"2024-10-21T10:09:39","slug":"archives-projets","status":"publish","type":"page","link":"https:\/\/evavedel.com\/en\/archives-projets\/","title":{"rendered":"Portfolio"},"content":{"rendered":"<div class=\"wp-block-group alignwide is-layout-constrained wp-container-core-group-is-layout-0747478d wp-block-group-is-layout-constrained\" style=\"padding-top:var(--wp--preset--spacing--50);padding-right:var(--wp--preset--spacing--50);padding-bottom:var(--wp--preset--spacing--50);padding-left:var(--wp--preset--spacing--50)\">\n<div class=\"wp-block-query alignwide is-layout-flow wp-block-query-is-layout-flow\"><ul class=\"columns-3 wp-block-post-template is-layout-grid wp-container-core-post-template-is-layout-572542b5 wp-block-post-template-is-layout-grid\"><li class=\"wp-block-post post-701 post type-post status-publish format-standard has-post-thumbnail hentry category-expositions category-projets\">\n<figure style=\"aspect-ratio:1; margin-top:0;margin-bottom:0;\" class=\"wp-block-post-featured-image wp-duotone-unset-1\"><a href=\"https:\/\/evavedel.com\/en\/airgeo\/\" target=\"_self\"  ><img loading=\"lazy\" decoding=\"async\" width=\"1536\" height=\"2048\" src=\"https:\/\/evavedel.com\/wp-content\/uploads\/2024\/02\/IMG_6777.jpeg\" class=\"attachment-post-thumbnail size-post-thumbnail wp-post-image\" alt=\"AirGeo\" style=\"width:100%;height:100%;object-fit:cover;\" srcset=\"https:\/\/evavedel.com\/wp-content\/uploads\/2024\/02\/IMG_6777.jpeg 1536w, https:\/\/evavedel.com\/wp-content\/uploads\/2024\/02\/IMG_6777-225x300.jpeg 225w, https:\/\/evavedel.com\/wp-content\/uploads\/2024\/02\/IMG_6777-768x1024.jpeg 768w, https:\/\/evavedel.com\/wp-content\/uploads\/2024\/02\/IMG_6777-1152x1536.jpeg 1152w, https:\/\/evavedel.com\/wp-content\/uploads\/2024\/02\/IMG_6777-9x12.jpeg 9w\" sizes=\"auto, (max-width: 1536px) 100vw, 1536px\" \/><\/a><\/figure>\n<\/li><li class=\"wp-block-post post-691 post type-post status-publish format-standard has-post-thumbnail hentry category-expositions category-projets tag-ceramique tag-computationnel tag-donnee tag-impresion_3d tag-numerique\">\n<figure style=\"aspect-ratio:1; margin-top:0;margin-bottom:0;\" class=\"wp-block-post-featured-image wp-duotone-unset-2\"><a href=\"https:\/\/evavedel.com\/en\/europa-2022\/\" target=\"_self\"  ><img loading=\"lazy\" decoding=\"async\" width=\"2400\" height=\"2400\" src=\"https:\/\/evavedel.com\/wp-content\/uploads\/2024\/02\/@evavedel-2400x2400.jpg\" class=\"attachment-post-thumbnail size-post-thumbnail wp-post-image\" alt=\"Europa 2022\" style=\"width:100%;height:100%;object-fit:cover;\" srcset=\"https:\/\/evavedel.com\/wp-content\/uploads\/2024\/02\/@evavedel-2400x2400.jpg 2400w, https:\/\/evavedel.com\/wp-content\/uploads\/2024\/02\/@evavedel-300x300.jpg 300w, https:\/\/evavedel.com\/wp-content\/uploads\/2024\/02\/@evavedel-1024x1024.jpg 1024w, https:\/\/evavedel.com\/wp-content\/uploads\/2024\/02\/@evavedel-150x150.jpg 150w, https:\/\/evavedel.com\/wp-content\/uploads\/2024\/02\/@evavedel-768x768.jpg 768w, https:\/\/evavedel.com\/wp-content\/uploads\/2024\/02\/@evavedel-1536x1536.jpg 1536w, https:\/\/evavedel.com\/wp-content\/uploads\/2024\/02\/@evavedel-2048x2048.jpg 2048w, https:\/\/evavedel.com\/wp-content\/uploads\/2024\/02\/@evavedel-12x12.jpg 12w\" sizes=\"auto, (max-width: 2400px) 100vw, 2400px\" \/><\/a><\/figure>\n<\/li><li class=\"wp-block-post post-675 post type-post status-publish format-standard has-post-thumbnail hentry category-objet category-projets\">\n<figure style=\"aspect-ratio:1; margin-top:0;margin-bottom:0;\" class=\"wp-block-post-featured-image wp-duotone-unset-3\"><a href=\"https:\/\/evavedel.com\/en\/data_vessel\/\" target=\"_self\"  ><img loading=\"lazy\" decoding=\"async\" width=\"1792\" height=\"2391\" src=\"https:\/\/evavedel.com\/wp-content\/uploads\/2024\/02\/DSC_3677-1-1792x2391.jpg\" class=\"attachment-post-thumbnail size-post-thumbnail wp-post-image\" alt=\"Data_Vessel\" style=\"width:100%;height:100%;object-fit:cover;\" srcset=\"https:\/\/evavedel.com\/wp-content\/uploads\/2024\/02\/DSC_3677-1-1792x2391.jpg 1792w, https:\/\/evavedel.com\/wp-content\/uploads\/2024\/02\/DSC_3677-1-225x300.jpg 225w, https:\/\/evavedel.com\/wp-content\/uploads\/2024\/02\/DSC_3677-1-768x1025.jpg 768w, https:\/\/evavedel.com\/wp-content\/uploads\/2024\/02\/DSC_3677-1-1151x1536.jpg 1151w, https:\/\/evavedel.com\/wp-content\/uploads\/2024\/02\/DSC_3677-1-1535x2048.jpg 1535w, https:\/\/evavedel.com\/wp-content\/uploads\/2024\/02\/DSC_3677-1-9x12.jpg 9w, https:\/\/evavedel.com\/wp-content\/uploads\/2024\/02\/DSC_3677-1-scaled.jpg 1919w\" sizes=\"auto, (max-width: 1792px) 100vw, 1792px\" \/><\/a><\/figure>\n<\/li><li class=\"wp-block-post post-6 post type-post status-publish format-standard has-post-thumbnail hentry category-projets category-recherches-en-cours tag-art tag-computationnel tag-crane tag-degradation tag-donnee tag-impresion_3d tag-numerique tag-pla tag-scan tag-sculpture tag-serie tag-temps\">\n<figure style=\"aspect-ratio:1; margin-top:0;margin-bottom:0;\" class=\"wp-block-post-featured-image wp-duotone-unset-4\"><a href=\"https:\/\/evavedel.com\/en\/vanites-numeriques\/\" target=\"_self\"  ><img loading=\"lazy\" decoding=\"async\" width=\"480\" height=\"480\" src=\"https:\/\/evavedel.com\/wp-content\/uploads\/2022\/06\/IMG_5936-1-e1654540256141.jpg\" class=\"attachment-post-thumbnail size-post-thumbnail wp-post-image\" alt=\"Vanit\u00e9s num\u00e9riques\" style=\"width:100%;height:100%;object-fit:cover;\" srcset=\"https:\/\/evavedel.com\/wp-content\/uploads\/2022\/06\/IMG_5936-1-e1654540256141.jpg 480w, https:\/\/evavedel.com\/wp-content\/uploads\/2022\/06\/IMG_5936-1-e1654540256141-300x300.jpg 300w, https:\/\/evavedel.com\/wp-content\/uploads\/2022\/06\/IMG_5936-1-e1654540256141-150x150.jpg 150w\" sizes=\"auto, (max-width: 480px) 100vw, 480px\" \/><\/a><\/figure>\n<\/li><li class=\"wp-block-post post-142 post type-post status-publish format-standard has-post-thumbnail hentry category-projets tag-ceramique tag-datasculpture tag-impresion_3d tag-orleans tag-trophee\">\n<figure style=\"aspect-ratio:1; margin-top:0;margin-bottom:0;\" class=\"wp-block-post-featured-image wp-duotone-unset-5\"><a href=\"https:\/\/evavedel.com\/en\/trophees-des-entreprises-2021\/\" target=\"_self\"  ><img loading=\"lazy\" decoding=\"async\" width=\"1792\" height=\"1792\" src=\"https:\/\/evavedel.com\/wp-content\/uploads\/2022\/06\/@eva-vedel_trophees-3-2-1792x1792.jpg\" class=\"attachment-post-thumbnail size-post-thumbnail wp-post-image\" alt=\"Troph\u00e9es des entreprises 2021\" style=\"width:100%;height:100%;object-fit:cover;\" srcset=\"https:\/\/evavedel.com\/wp-content\/uploads\/2022\/06\/@eva-vedel_trophees-3-2-1792x1792.jpg 1792w, https:\/\/evavedel.com\/wp-content\/uploads\/2022\/06\/@eva-vedel_trophees-3-2-300x300.jpg 300w, https:\/\/evavedel.com\/wp-content\/uploads\/2022\/06\/@eva-vedel_trophees-3-2-1024x1024.jpg 1024w, https:\/\/evavedel.com\/wp-content\/uploads\/2022\/06\/@eva-vedel_trophees-3-2-150x150.jpg 150w, https:\/\/evavedel.com\/wp-content\/uploads\/2022\/06\/@eva-vedel_trophees-3-2-768x768.jpg 768w, https:\/\/evavedel.com\/wp-content\/uploads\/2022\/06\/@eva-vedel_trophees-3-2-1536x1536.jpg 1536w, https:\/\/evavedel.com\/wp-content\/uploads\/2022\/06\/@eva-vedel_trophees-3-2-2048x2048.jpg 2048w\" sizes=\"auto, (max-width: 1792px) 100vw, 1792px\" \/><\/a><\/figure>\n<\/li><li class=\"wp-block-post post-399 post type-post status-publish format-standard has-post-thumbnail hentry category-airbus category-projets tag-airbus tag-design tag-table\">\n<figure style=\"aspect-ratio:1; margin-top:0;margin-bottom:0;\" class=\"wp-block-post-featured-image wp-duotone-unset-6\"><a href=\"https:\/\/evavedel.com\/en\/buddy-table\/\" target=\"_self\"  ><img loading=\"lazy\" decoding=\"async\" width=\"1133\" height=\"1133\" src=\"https:\/\/evavedel.com\/wp-content\/uploads\/2022\/06\/IMG_05192.jpg\" class=\"attachment-post-thumbnail size-post-thumbnail wp-post-image\" alt=\"Buddy Table\" style=\"width:100%;height:100%;object-fit:cover;\" srcset=\"https:\/\/evavedel.com\/wp-content\/uploads\/2022\/06\/IMG_05192.jpg 1133w, https:\/\/evavedel.com\/wp-content\/uploads\/2022\/06\/IMG_05192-300x300.jpg 300w, https:\/\/evavedel.com\/wp-content\/uploads\/2022\/06\/IMG_05192-1024x1024.jpg 1024w, https:\/\/evavedel.com\/wp-content\/uploads\/2022\/06\/IMG_05192-150x150.jpg 150w, https:\/\/evavedel.com\/wp-content\/uploads\/2022\/06\/IMG_05192-768x768.jpg 768w\" sizes=\"auto, (max-width: 1133px) 100vw, 1133px\" \/><\/a><\/figure>\n<\/li><li class=\"wp-block-post post-345 post type-post status-publish format-standard has-post-thumbnail hentry category-airbus category-projets tag-airbus tag-design tag-miroir tag-table\">\n<figure style=\"aspect-ratio:1; margin-top:0;margin-bottom:0;\" class=\"wp-block-post-featured-image wp-duotone-unset-7\"><a href=\"https:\/\/evavedel.com\/en\/black-mirror\/\" target=\"_self\"  ><img loading=\"lazy\" decoding=\"async\" width=\"930\" height=\"930\" src=\"https:\/\/evavedel.com\/wp-content\/uploads\/2022\/06\/Dark-Matter-2-2.jpg\" class=\"attachment-post-thumbnail size-post-thumbnail wp-post-image\" alt=\"Black Mirror\" style=\"width:100%;height:100%;object-fit:cover;\" srcset=\"https:\/\/evavedel.com\/wp-content\/uploads\/2022\/06\/Dark-Matter-2-2.jpg 930w, https:\/\/evavedel.com\/wp-content\/uploads\/2022\/06\/Dark-Matter-2-2-300x300.jpg 300w, https:\/\/evavedel.com\/wp-content\/uploads\/2022\/06\/Dark-Matter-2-2-150x150.jpg 150w, https:\/\/evavedel.com\/wp-content\/uploads\/2022\/06\/Dark-Matter-2-2-768x768.jpg 768w\" sizes=\"auto, (max-width: 930px) 100vw, 930px\" \/><\/a><\/figure>\n<\/li><li class=\"wp-block-post post-324 post type-post status-publish format-standard has-post-thumbnail hentry category-airbus category-projets tag-design tag-hublot tag-miroir\">\n<figure style=\"aspect-ratio:1; margin-top:0;margin-bottom:0;\" class=\"wp-block-post-featured-image wp-duotone-unset-8\"><a href=\"https:\/\/evavedel.com\/en\/hublot-digital\/\" target=\"_self\"  ><img loading=\"lazy\" decoding=\"async\" width=\"700\" height=\"700\" src=\"https:\/\/evavedel.com\/wp-content\/uploads\/2022\/06\/IMG_12352-copie.jpg\" class=\"attachment-post-thumbnail size-post-thumbnail wp-post-image\" alt=\"Hublot digital\" style=\"width:100%;height:100%;object-fit:cover;\" srcset=\"https:\/\/evavedel.com\/wp-content\/uploads\/2022\/06\/IMG_12352-copie.jpg 700w, https:\/\/evavedel.com\/wp-content\/uploads\/2022\/06\/IMG_12352-copie-300x300.jpg 300w, https:\/\/evavedel.com\/wp-content\/uploads\/2022\/06\/IMG_12352-copie-150x150.jpg 150w\" sizes=\"auto, (max-width: 700px) 100vw, 700px\" \/><\/a><\/figure>\n<\/li><li class=\"wp-block-post post-40 post type-post status-publish format-standard has-post-thumbnail hentry category-projets tag-bleu tag-ceramique tag-data tag-datasculpture tag-donnee tag-gres tag-impresion_3d tag-sculpture tag-vase\">\n<figure style=\"aspect-ratio:1; margin-top:0;margin-bottom:0;\" class=\"wp-block-post-featured-image wp-duotone-unset-9\"><a href=\"https:\/\/evavedel.com\/en\/dataglyphe-zip\/\" target=\"_self\"  ><img loading=\"lazy\" decoding=\"async\" width=\"1000\" height=\"1000\" src=\"https:\/\/evavedel.com\/wp-content\/uploads\/2020\/06\/Eva-Vedel-33.jpg\" class=\"attachment-post-thumbnail size-post-thumbnail wp-post-image\" alt=\"Dataglyphe.zip\" style=\"width:100%;height:100%;object-fit:cover;\" srcset=\"https:\/\/evavedel.com\/wp-content\/uploads\/2020\/06\/Eva-Vedel-33.jpg 1000w, https:\/\/evavedel.com\/wp-content\/uploads\/2020\/06\/Eva-Vedel-33-300x300.jpg 300w, https:\/\/evavedel.com\/wp-content\/uploads\/2020\/06\/Eva-Vedel-33-150x150.jpg 150w, https:\/\/evavedel.com\/wp-content\/uploads\/2020\/06\/Eva-Vedel-33-768x768.jpg 768w\" sizes=\"auto, (max-width: 1000px) 100vw, 1000px\" \/><\/a><\/figure>\n<\/li><li class=\"wp-block-post post-36 post type-post status-publish format-standard has-post-thumbnail hentry category-projets tag-ceramique tag-collectif-kairos tag-computationnel tag-design tag-donnee tag-eau tag-faience tag-horloge tag-impresion_3d tag-numerique tag-temps tag-vasque\">\n<figure style=\"aspect-ratio:1; margin-top:0;margin-bottom:0;\" class=\"wp-block-post-featured-image wp-duotone-unset-10\"><a href=\"https:\/\/evavedel.com\/en\/kairos\/\" target=\"_self\"  ><img loading=\"lazy\" decoding=\"async\" width=\"1792\" height=\"1792\" src=\"https:\/\/evavedel.com\/wp-content\/uploads\/2022\/06\/Vasque-orange-2-1792x1792.jpg\" class=\"attachment-post-thumbnail size-post-thumbnail wp-post-image\" alt=\"Ka\u00efros\" style=\"width:100%;height:100%;object-fit:cover;\" srcset=\"https:\/\/evavedel.com\/wp-content\/uploads\/2022\/06\/Vasque-orange-2-1792x1792.jpg 1792w, https:\/\/evavedel.com\/wp-content\/uploads\/2022\/06\/Vasque-orange-2-300x300.jpg 300w, https:\/\/evavedel.com\/wp-content\/uploads\/2022\/06\/Vasque-orange-2-1024x1024.jpg 1024w, https:\/\/evavedel.com\/wp-content\/uploads\/2022\/06\/Vasque-orange-2-150x150.jpg 150w, https:\/\/evavedel.com\/wp-content\/uploads\/2022\/06\/Vasque-orange-2-768x768.jpg 768w, https:\/\/evavedel.com\/wp-content\/uploads\/2022\/06\/Vasque-orange-2-1536x1536.jpg 1536w, https:\/\/evavedel.com\/wp-content\/uploads\/2022\/06\/Vasque-orange-2-2048x2048.jpg 2048w\" sizes=\"auto, (max-width: 1792px) 100vw, 1792px\" \/><\/a><\/figure>\n<\/li><\/ul><\/div>\n<\/div>","protected":false},"excerpt":{"rendered":"","protected":false},"author":1,"featured_media":316,"parent":0,"menu_order":1,"comment_status":"closed","ping_status":"closed","template":"wp-custom-template-pages-artiste","meta":{"_themeisle_gutenberg_block_has_review":false,"footnotes":""},"class_list":["post-186","page","type-page","status-publish","has-post-thumbnail","hentry"],"yoast_head":"<!-- This site is optimized with the Yoast SEO plugin v24.2 - https:\/\/yoast.com\/wordpress\/plugins\/seo\/ -->\n<title>Portfolio - Eva Vedel<\/title>\n<meta name=\"description\" content=\"Tous mes projets, mes \u0153uvres et mes recherches | arts-sciences | design num\u00e9rique | artisan num\u00e9rique | algorithme | impression 3D c\u00e9ramique\" \/>\n<meta name=\"robots\" content=\"index, follow, max-snippet:-1, max-image-preview:large, max-video-preview:-1\" \/>\n<link rel=\"canonical\" href=\"https:\/\/evavedel.com\/en\/archives-projets\/\" \/>\n<meta property=\"og:locale\" content=\"en_GB\" \/>\n<meta property=\"og:type\" content=\"article\" \/>\n<meta property=\"og:title\" content=\"Portfolio - Eva Vedel\" \/>\n<meta property=\"og:description\" content=\"Tous mes projets, mes \u0153uvres et mes recherches | arts-sciences | design num\u00e9rique | artisan num\u00e9rique | algorithme | impression 3D c\u00e9ramique\" \/>\n<meta property=\"og:url\" content=\"https:\/\/evavedel.com\/en\/archives-projets\/\" \/>\n<meta property=\"og:site_name\" content=\"Eva Vedel\" \/>\n<meta property=\"article:modified_time\" content=\"2024-10-21T10:09:39+00:00\" \/>\n<meta property=\"og:image\" content=\"https:\/\/evavedel.com\/wp-content\/uploads\/2022\/06\/Vasque-orange-3-scaled.jpg\" \/>\n\t<meta property=\"og:image:width\" content=\"2560\" \/>\n\t<meta property=\"og:image:height\" content=\"2560\" \/>\n\t<meta property=\"og:image:type\" content=\"image\/jpeg\" \/>\n<meta name=\"twitter:card\" content=\"summary_large_image\" \/>\n<meta name=\"twitter:label1\" content=\"Estimated reading time\" \/>\n\t<meta name=\"twitter:data1\" content=\"1 minute\" \/>\n<script type=\"application\/ld+json\" class=\"yoast-schema-graph\">{\"@context\":\"https:\/\/schema.org\",\"@graph\":[{\"@type\":[\"WebPage\",\"CollectionPage\"],\"@id\":\"https:\/\/evavedel.com\/archives-projets\/\",\"url\":\"https:\/\/evavedel.com\/archives-projets\/\",\"name\":\"Portfolio - Eva Vedel\",\"isPartOf\":{\"@id\":\"https:\/\/evavedel.com\/#website\"},\"primaryImageOfPage\":{\"@id\":\"https:\/\/evavedel.com\/archives-projets\/#primaryimage\"},\"image\":{\"@id\":\"https:\/\/evavedel.com\/archives-projets\/#primaryimage\"},\"thumbnailUrl\":\"https:\/\/evavedel.com\/wp-content\/uploads\/2022\/06\/Vasque-orange-3-scaled.jpg\",\"datePublished\":\"2022-06-08T15:53:24+00:00\",\"dateModified\":\"2024-10-21T10:09:39+00:00\",\"description\":\"Tous mes projets, mes \u0153uvres et mes recherches | arts-sciences | design num\u00e9rique | artisan num\u00e9rique | algorithme | impression 3D c\u00e9ramique\",\"breadcrumb\":{\"@id\":\"https:\/\/evavedel.com\/archives-projets\/#breadcrumb\"},\"inLanguage\":\"en-GB\"},{\"@type\":\"ImageObject\",\"inLanguage\":\"en-GB\",\"@id\":\"https:\/\/evavedel.com\/archives-projets\/#primaryimage\",\"url\":\"https:\/\/evavedel.com\/wp-content\/uploads\/2022\/06\/Vasque-orange-3-scaled.jpg\",\"contentUrl\":\"https:\/\/evavedel.com\/wp-content\/uploads\/2022\/06\/Vasque-orange-3-scaled.jpg\",\"width\":2560,\"height\":2560},{\"@type\":\"BreadcrumbList\",\"@id\":\"https:\/\/evavedel.com\/archives-projets\/#breadcrumb\",\"itemListElement\":[{\"@type\":\"ListItem\",\"position\":1,\"name\":\"Accueil\",\"item\":\"https:\/\/evavedel.com\/\"},{\"@type\":\"ListItem\",\"position\":2,\"name\":\"Portfolio\"}]},{\"@type\":\"WebSite\",\"@id\":\"https:\/\/evavedel.com\/#website\",\"url\":\"https:\/\/evavedel.com\/\",\"name\":\"Eva Vedel\",\"description\":\"Designer &amp; artiste\",\"publisher\":{\"@id\":\"https:\/\/evavedel.com\/#\/schema\/person\/600e7bbae59c2b0909798bd750172c2d\"},\"potentialAction\":[{\"@type\":\"SearchAction\",\"target\":{\"@type\":\"EntryPoint\",\"urlTemplate\":\"https:\/\/evavedel.com\/?s={search_term_string}\"},\"query-input\":{\"@type\":\"PropertyValueSpecification\",\"valueRequired\":true,\"valueName\":\"search_term_string\"}}],\"inLanguage\":\"en-GB\"},{\"@type\":[\"Person\",\"Organization\"],\"@id\":\"https:\/\/evavedel.com\/#\/schema\/person\/600e7bbae59c2b0909798bd750172c2d\",\"name\":\"Eva Vedel\",\"image\":{\"@type\":\"ImageObject\",\"inLanguage\":\"en-GB\",\"@id\":\"https:\/\/evavedel.com\/#\/schema\/person\/image\/\",\"url\":\"https:\/\/evavedel.com\/wp-content\/uploads\/2024\/10\/LOGO_Eva-Vedel_2022-2_Plan-de-travail-1-copie.png\",\"contentUrl\":\"https:\/\/evavedel.com\/wp-content\/uploads\/2024\/10\/LOGO_Eva-Vedel_2022-2_Plan-de-travail-1-copie.png\",\"width\":5000,\"height\":5000,\"caption\":\"Eva Vedel\"},\"logo\":{\"@id\":\"https:\/\/evavedel.com\/#\/schema\/person\/image\/\"},\"sameAs\":[\"https:\/\/www.instagram.com\/eva.vedel\/?hl=fr\",\"https:\/\/www.linkedin.com\/in\/evavedel\/\"]}]}<\/script>\n<!-- \/ Yoast SEO plugin. -->","yoast_head_json":{"title":"Portfolio - Eva Vedel","description":"Tous mes projets, mes \u0153uvres et mes recherches | arts-sciences | design num\u00e9rique | artisan num\u00e9rique | algorithme | impression 3D c\u00e9ramique","robots":{"index":"index","follow":"follow","max-snippet":"max-snippet:-1","max-image-preview":"max-image-preview:large","max-video-preview":"max-video-preview:-1"},"canonical":"https:\/\/evavedel.com\/en\/archives-projets\/","og_locale":"en_GB","og_type":"article","og_title":"Portfolio - Eva Vedel","og_description":"Tous mes projets, mes \u0153uvres et mes recherches | arts-sciences | design num\u00e9rique | artisan num\u00e9rique | algorithme | impression 3D c\u00e9ramique","og_url":"https:\/\/evavedel.com\/en\/archives-projets\/","og_site_name":"Eva Vedel","article_modified_time":"2024-10-21T10:09:39+00:00","og_image":[{"width":2560,"height":2560,"url":"https:\/\/evavedel.com\/wp-content\/uploads\/2022\/06\/Vasque-orange-3-scaled.jpg","type":"image\/jpeg"}],"twitter_card":"summary_large_image","twitter_misc":{"Estimated reading time":"1 minute"},"schema":{"@context":"https:\/\/schema.org","@graph":[{"@type":["WebPage","CollectionPage"],"@id":"https:\/\/evavedel.com\/archives-projets\/","url":"https:\/\/evavedel.com\/archives-projets\/","name":"Portfolio - Eva Vedel","isPartOf":{"@id":"https:\/\/evavedel.com\/#website"},"primaryImageOfPage":{"@id":"https:\/\/evavedel.com\/archives-projets\/#primaryimage"},"image":{"@id":"https:\/\/evavedel.com\/archives-projets\/#primaryimage"},"thumbnailUrl":"https:\/\/evavedel.com\/wp-content\/uploads\/2022\/06\/Vasque-orange-3-scaled.jpg","datePublished":"2022-06-08T15:53:24+00:00","dateModified":"2024-10-21T10:09:39+00:00","description":"Tous mes projets, mes \u0153uvres et mes recherches | arts-sciences | design num\u00e9rique | artisan num\u00e9rique | algorithme | impression 3D c\u00e9ramique","breadcrumb":{"@id":"https:\/\/evavedel.com\/archives-projets\/#breadcrumb"},"inLanguage":"en-GB"},{"@type":"ImageObject","inLanguage":"en-GB","@id":"https:\/\/evavedel.com\/archives-projets\/#primaryimage","url":"https:\/\/evavedel.com\/wp-content\/uploads\/2022\/06\/Vasque-orange-3-scaled.jpg","contentUrl":"https:\/\/evavedel.com\/wp-content\/uploads\/2022\/06\/Vasque-orange-3-scaled.jpg","width":2560,"height":2560},{"@type":"BreadcrumbList","@id":"https:\/\/evavedel.com\/archives-projets\/#breadcrumb","itemListElement":[{"@type":"ListItem","position":1,"name":"Accueil","item":"https:\/\/evavedel.com\/"},{"@type":"ListItem","position":2,"name":"Portfolio"}]},{"@type":"WebSite","@id":"https:\/\/evavedel.com\/#website","url":"https:\/\/evavedel.com\/","name":"Eva Vedel","description":"Designer &amp; artiste","publisher":{"@id":"https:\/\/evavedel.com\/#\/schema\/person\/600e7bbae59c2b0909798bd750172c2d"},"potentialAction":[{"@type":"SearchAction","target":{"@type":"EntryPoint","urlTemplate":"https:\/\/evavedel.com\/?s={search_term_string}"},"query-input":{"@type":"PropertyValueSpecification","valueRequired":true,"valueName":"search_term_string"}}],"inLanguage":"en-GB"},{"@type":["Person","Organization"],"@id":"https:\/\/evavedel.com\/#\/schema\/person\/600e7bbae59c2b0909798bd750172c2d","name":"Eva Vedel","image":{"@type":"ImageObject","inLanguage":"en-GB","@id":"https:\/\/evavedel.com\/#\/schema\/person\/image\/","url":"https:\/\/evavedel.com\/wp-content\/uploads\/2024\/10\/LOGO_Eva-Vedel_2022-2_Plan-de-travail-1-copie.png","contentUrl":"https:\/\/evavedel.com\/wp-content\/uploads\/2024\/10\/LOGO_Eva-Vedel_2022-2_Plan-de-travail-1-copie.png","width":5000,"height":5000,"caption":"Eva Vedel"},"logo":{"@id":"https:\/\/evavedel.com\/#\/schema\/person\/image\/"},"sameAs":["https:\/\/www.instagram.com\/eva.vedel\/?hl=fr","https:\/\/www.linkedin.com\/in\/evavedel\/"]}]}},"_links":{"self":[{"href":"https:\/\/evavedel.com\/en\/wp-json\/wp\/v2\/pages\/186","targetHints":{"allow":["GET"]}}],"collection":[{"href":"https:\/\/evavedel.com\/en\/wp-json\/wp\/v2\/pages"}],"about":[{"href":"https:\/\/evavedel.com\/en\/wp-json\/wp\/v2\/types\/page"}],"author":[{"embeddable":true,"href":"https:\/\/evavedel.com\/en\/wp-json\/wp\/v2\/users\/1"}],"replies":[{"embeddable":true,"href":"https:\/\/evavedel.com\/en\/wp-json\/wp\/v2\/comments?post=186"}],"version-history":[{"count":41,"href":"https:\/\/evavedel.com\/en\/wp-json\/wp\/v2\/pages\/186\/revisions"}],"predecessor-version":[{"id":1094,"href":"https:\/\/evavedel.com\/en\/wp-json\/wp\/v2\/pages\/186\/revisions\/1094"}],"wp:featuredmedia":[{"embeddable":true,"href":"https:\/\/evavedel.com\/en\/wp-json\/wp\/v2\/media\/316"}],"wp:attachment":[{"href":"https:\/\/evavedel.com\/en\/wp-json\/wp\/v2\/media?parent=186"}],"curies":[{"name":"wp","href":"https:\/\/api.w.org\/{rel}","templated":true}]}}